{"id":98004,"date":"2026-03-10T11:24:06","date_gmt":"2026-03-10T11:24:06","guid":{"rendered":"https:\/\/coinstampdb.com\/?post_type=product&#038;p=98004"},"modified":"2026-03-10T11:33:57","modified_gmt":"2026-03-10T11:33:57","slug":"st-thomas-and-prince-islands-118-lystrosaurus-1993-500d","status":"publish","type":"product","link":"https:\/\/coinstampdb.com\/index.php\/product\/st-thomas-and-prince-islands-118-lystrosaurus-1993-500d\/","title":{"rendered":"S\u00e3o Tom\u00e9 and Pr\u00edncipe #1118 &#8211; Lystrosaurus (1993) 500d"},"content":{"rendered":"\n<div class=\"wp-block-columns is-layout-flex wp-container-core-columns-is-layout-f3e73c6b wp-block-columns-is-layout-flex\" style=\"padding-top:var(--wp--preset--spacing--30);padding-right:var(--wp--preset--spacing--30);padding-bottom:var(--wp--preset--spacing--30);padding-left:var(--wp--preset--spacing--30)\">\n<div class=\"wp-block-column is-layout-flow wp-container-core-column-is-layout-e3d1c41b wp-block-column-is-layout-flow\" style=\"border-style:none;border-width:0px;flex-basis:60%\"><\/div>\n\n\n\n<div class=\"wp-block-column is-layout-flow wp-block-column-is-layout-flow\" style=\"padding-left:0;flex-basis:40%\">\n\n\n\n\n\n\n\n\n\n\n\n<\/div>\n<\/div>\n\n\n\n<div class=\"wp-block-columns is-layout-flex wp-container-core-columns-is-layout-6f8f8055 wp-block-columns-is-layout-flex\" style=\"padding-top:var(--wp--preset--spacing--20);padding-right:var(--wp--preset--spacing--30);padding-bottom:var(--wp--preset--spacing--20);padding-left:var(--wp--preset--spacing--30)\">\n<div class=\"wp-block-column is-layout-flow wp-block-column-is-layout-flow\"><\/div>\n<\/div>\n","protected":false},"excerpt":{"rendered":"","protected":false},"featured_media":98006,"comment_status":"open","ping_status":"closed","template":"","meta":[],"product_brand":[],"product_cat":[414],"product_tag":[],"class_list":{"0":"post-98004","1":"product","2":"type-product","3":"status-publish","4":"has-post-thumbnail","6":"product_cat-so-tom-and-prncipe","8":"first","9":"instock","10":"shipping-taxable","11":"product-type-simple"},"_links":{"self":[{"href":"https:\/\/coinstampdb.com\/index.php\/wp-json\/wp\/v2\/product\/98004","targetHints":{"allow":["GET"]}}],"collection":[{"href":"https:\/\/coinstampdb.com\/index.php\/wp-json\/wp\/v2\/product"}],"about":[{"href":"https:\/\/coinstampdb.com\/index.php\/wp-json\/wp\/v2\/types\/product"}],"replies":[{"embeddable":true,"href":"https:\/\/coinstampdb.com\/index.php\/wp-json\/wp\/v2\/comments?post=98004"}],"wp:featuredmedia":[{"embeddable":true,"href":"https:\/\/coinstampdb.com\/index.php\/wp-json\/wp\/v2\/media\/98006"}],"wp:attachment":[{"href":"https:\/\/coinstampdb.com\/index.php\/wp-json\/wp\/v2\/media?parent=98004"}],"wp:term":[{"taxonomy":"product_brand","embeddable":true,"href":"https:\/\/coinstampdb.com\/index.php\/wp-json\/wp\/v2\/product_brand?post=98004"},{"taxonomy":"product_cat","embeddable":true,"href":"https:\/\/coinstampdb.com\/index.php\/wp-json\/wp\/v2\/product_cat?post=98004"},{"taxonomy":"product_tag","embeddable":true,"href":"https:\/\/coinstampdb.com\/index.php\/wp-json\/wp\/v2\/product_tag?post=98004"}],"curies":[{"name":"wp","href":"https:\/\/api.w.org\/{rel}","templated":true}]}}